{"id":429,"date":"2017-03-31T06:40:22","date_gmt":"2017-03-31T04:40:22","guid":{"rendered":"http:\/\/1125.gvs.arnes.si\/zdcwp\/?page_id=429"},"modified":"2019-12-20T09:32:56","modified_gmt":"2019-12-20T08:32:56","slug":"home2","status":"publish","type":"page","link":"https:\/\/zdc.si\/en\/","title":{"rendered":"Domov"},"content":{"rendered":"<style>\n.entry-title {display:none;}<br \/>.hentry {background: none;}<br \/>.entry-header {display: none;}<br \/><\/style>\n<div id=\"primary\" class=\"content-area col-md-12\">\n<div id=\"posts-loop\" class=\"home-layout\" style=\"position: relative; width: 100%; height: auto;\">\n<div class=\"recent-1\" style=\"float: left;\">\t\t<aside id=\"alizee_recent_posts-4\" class=\"widget widget_alizee_recent_posts amr_widget\">\t\t<h3 class=\"widget-title\">Latest posts<\/h3>\t\t<ul class=\"list-group\">\r\n\t\t\t\t\t<li class=\"list-group-item\">\r\n\t\t\t\t<div class=\"recent-post clearfix\">\r\n\t\t\t\t\t\t\t\t\t\t\t<div class=\"recent-thumb col-md-4\">\r\n\t\t\t\t\t\t\t<a href=\"https:\/\/zdc.si\/en\/history-for-everyone-2-2022\/\"><img loading=\"lazy\" decoding=\"async\" width=\"150\" height=\"150\" src=\"https:\/\/zdc.si\/en\/wp-content\/uploads\/2022\/12\/ZZV-2_2022-150x150.jpg\" class=\"attachment-thumbnail size-thumbnail wp-post-image\" alt=\"\" \/><\/a>\r\n\t\t\t\t\t\t<\/div>\r\n\t\t\t\t\t\t\t\t\t\t\t\t\t\t\t\t<div class=\"col-md-8\">\t\t\t\t\t\t\t\t\t\t<h4><a href=\"https:\/\/zdc.si\/en\/history-for-everyone-2-2022\/\">History for Everyone 2\/2022<\/a><\/h4>\r\n\t\t\t\t\t\t\t\t\t\t\t<\/div>\t\t\t\t\t\t\t\t\t<\/div>\r\n\t\t\t<\/li>\r\n\t\t\t\t\t<li class=\"list-group-item\">\r\n\t\t\t\t<div class=\"recent-post clearfix\">\r\n\t\t\t\t\t\t\t\t\t\t\t<div class=\"recent-thumb col-md-4\">\r\n\t\t\t\t\t\t\t<a href=\"https:\/\/zdc.si\/en\/history-for-everyone-1-2022\/\"><img loading=\"lazy\" decoding=\"async\" width=\"150\" height=\"150\" src=\"https:\/\/zdc.si\/en\/wp-content\/uploads\/2022\/08\/naslovnica22_1-150x150.jpg\" class=\"attachment-thumbnail size-thumbnail wp-post-image\" alt=\"\" \/><\/a>\r\n\t\t\t\t\t\t<\/div>\r\n\t\t\t\t\t\t\t\t\t\t\t\t\t\t\t\t<div class=\"col-md-8\">\t\t\t\t\t\t\t\t\t\t<h4><a href=\"https:\/\/zdc.si\/en\/history-for-everyone-1-2022\/\">History for Everyone 1\/2022<\/a><\/h4>\r\n\t\t\t\t\t\t\t\t\t\t\t<\/div>\t\t\t\t\t\t\t\t\t<\/div>\r\n\t\t\t<\/li>\r\n\t\t\t\t\t<li class=\"list-group-item\">\r\n\t\t\t\t<div class=\"recent-post clearfix\">\r\n\t\t\t\t\t\t\t\t\t\t\t<div class=\"recent-thumb col-md-4\">\r\n\t\t\t\t\t\t\t<a href=\"https:\/\/zdc.si\/en\/history-for-everyone-2-2021\/\"><img loading=\"lazy\" decoding=\"async\" width=\"150\" height=\"150\" src=\"https:\/\/zdc.si\/en\/wp-content\/uploads\/2021\/12\/naslovnica21_2-150x150.jpg\" class=\"attachment-thumbnail size-thumbnail wp-post-image\" alt=\"\" \/><\/a>\r\n\t\t\t\t\t\t<\/div>\r\n\t\t\t\t\t\t\t\t\t\t\t\t\t\t\t\t<div class=\"col-md-8\">\t\t\t\t\t\t\t\t\t\t<h4><a href=\"https:\/\/zdc.si\/en\/history-for-everyone-2-2021\/\">History for Everyone 2\/2021<\/a><\/h4>\r\n\t\t\t\t\t\t\t\t\t\t\t<\/div>\t\t\t\t\t\t\t\t\t<\/div>\r\n\t\t\t<\/li>\r\n\t\t\t\t\t<li class=\"list-group-item\">\r\n\t\t\t\t<div class=\"recent-post clearfix\">\r\n\t\t\t\t\t\t\t\t\t\t\t<div class=\"recent-thumb col-md-4\">\r\n\t\t\t\t\t\t\t<a href=\"https:\/\/zdc.si\/en\/history-for-everyone-12021\/\"><img loading=\"lazy\" decoding=\"async\" width=\"150\" height=\"150\" src=\"https:\/\/zdc.si\/en\/wp-content\/uploads\/2021\/11\/Naslovnica-ZZV-2-20201-150x150.jpg\" class=\"attachment-thumbnail size-thumbnail wp-post-image\" alt=\"\" \/><\/a>\r\n\t\t\t\t\t\t<\/div>\r\n\t\t\t\t\t\t\t\t\t\t\t\t\t\t\t\t<div class=\"col-md-8\">\t\t\t\t\t\t\t\t\t\t<h4><a href=\"https:\/\/zdc.si\/en\/history-for-everyone-12021\/\">History for Everyone 1\/2021<\/a><\/h4>\r\n\t\t\t\t\t\t\t\t\t\t\t<\/div>\t\t\t\t\t\t\t\t\t<\/div>\r\n\t\t\t<\/li>\r\n\t\t\t\t\t<li class=\"list-group-item\">\r\n\t\t\t\t<div class=\"recent-post clearfix\">\r\n\t\t\t\t\t\t\t\t\t\t\t<div class=\"recent-thumb col-md-4\">\r\n\t\t\t\t\t\t\t<a href=\"https:\/\/zdc.si\/en\/history-for-everyone-22020\/\"><img loading=\"lazy\" decoding=\"async\" width=\"150\" height=\"150\" src=\"https:\/\/zdc.si\/en\/wp-content\/uploads\/2021\/11\/ZZV-2-2020-150x150.jpg\" class=\"attachment-thumbnail size-thumbnail wp-post-image\" alt=\"\" \/><\/a>\r\n\t\t\t\t\t\t<\/div>\r\n\t\t\t\t\t\t\t\t\t\t\t\t\t\t\t\t<div class=\"col-md-8\">\t\t\t\t\t\t\t\t\t\t<h4><a href=\"https:\/\/zdc.si\/en\/history-for-everyone-22020\/\">History for Everyone 2\/2020<\/a><\/h4>\r\n\t\t\t\t\t\t\t\t\t\t\t<\/div>\t\t\t\t\t\t\t\t\t<\/div>\r\n\t\t\t<\/li>\r\n\t\t\t\t<\/ul>\r\n\t\t<\/aside>\t<!-- #post-## --><\/div>\n<div class=\"article-1\" style=\"float: left;\">\n<article id=\"post-224\" class=\"post-224 post type-post status-publish format-standard has-post-thumbnail hentry category-history-for-everyone\" style=\"background: #fff;\">\n<div class=\"entry-thumb\">\n<div class=\"thumb-icon\"><\/div>\n<p><a href=\"http:\/\/zdc.si\/index.php\/zgodovini-ce\/\"><img loading=\"lazy\" decoding=\"async\" class=\"attachment-alizee-thumb wp-post-image alignnone\" src=\"http:\/\/www.zdc.si\/images\/zgodovini.ce\/ZgodoviniCE_15n.jpg\" sizes=\"auto, (max-width: 220px) 100vw, 220px\" srcset=\"http:\/\/www.zdc.si\/images\/zgodovini.ce\/ZgodoviniCE_15n.jpg 220w, http:\/\/www.zdc.si\/images\/zgodovini.ce\/ZgodoviniCE_15n.jpg 212w\" alt=\"image45\" width=\"220\" height=\"311\" \/><\/a><br \/>\n<span class=\"cat-link\"><br \/>\n<a href=\"http:\/\/www.zdc.si\/index.php\/zgodovini-ce\/\">Zgodovini.ce<\/a> <\/span><\/p>\n<\/div>\n<div class=\"post-content no-thumb\">\n<div class=\"entry-summary\">\n<p style=\"text-align: justify;\">V letu 2003 je Zgodovinsko dru\u0161tvo Celje ustanovilo knji\u017eevno zbirko <img loading=\"lazy\" decoding=\"async\" class=\"alignnone size-full wp-image-6\" src=\"http:\/\/zdc.si\/wp-content\/uploads\/2013\/03\/zg3.jpg\" alt=\"zg3\" width=\"118\" height=\"20\" \/>, ki predstavlja nadgradnjo dru\u0161tvenega zalo\u017eni\u0161tva. V njej izhajajo dela mlaj\u0161ih raziskovalcev slovenske zgodovine, ki se bodisi nana\u0161ajo na zgodovino Celja in [\u2026]<\/p>\n<\/div>\n<\/div>\n<\/article>\n<p><!-- #post-## --><\/p>\n<\/div>\n<div class=\"article-2\" style=\"float: left;\">\n<article id=\"post-223\" class=\"post-223 post type-post status-publish format-standard has-post-thumbnail hentry category-zgodovina-za-vse-2010-2019\" style=\"background: #fff;\">\n<div class=\"entry-thumb\">\n<div class=\"thumb-icon\"><\/div>\n<p><a href=\"http:\/\/zdc.si\/en\/history-for-everyone-2\/\"><img loading=\"lazy\" decoding=\"async\" class=\"alignnone wp-image-3294 size-medium\" src=\"http:\/\/zdc.si\/en\/wp-content\/uploads\/2019\/12\/ZZV-2-2019v-212x300.jpg\" alt=\"\" width=\"212\" height=\"300\" srcset=\"https:\/\/zdc.si\/en\/wp-content\/uploads\/2019\/12\/ZZV-2-2019v-212x300.jpg 212w, https:\/\/zdc.si\/en\/wp-content\/uploads\/2019\/12\/ZZV-2-2019v-17x24.jpg 17w, https:\/\/zdc.si\/en\/wp-content\/uploads\/2019\/12\/ZZV-2-2019v-25x36.jpg 25w, https:\/\/zdc.si\/en\/wp-content\/uploads\/2019\/12\/ZZV-2-2019v-34x48.jpg 34w, https:\/\/zdc.si\/en\/wp-content\/uploads\/2019\/12\/ZZV-2-2019v.jpg 300w\" sizes=\"auto, (max-width: 212px) 100vw, 212px\" \/><\/a><br \/>\n<span class=\"cat-link\"><br \/>\n<a href=\"http:\/\/zdc.si\/en\/index.php\/2018\/01\/12\/history-for-everyone-2\/\">History for everyone<\/a> <\/span><\/p>\n<\/div>\n<div class=\"post-content no-thumb\">\n<div class=\"entry-summary\">\n<p style=\"text-align: justify;\">The new Slovene historical journal <img loading=\"lazy\" decoding=\"async\" class=\"alignnone wp-image-9\" src=\"http:\/\/zdc.si\/wp-content\/uploads\/2013\/03\/naslov.jpg\" alt=\"naslov\" width=\"152\" height=\"27\" \/> , concentrates on historical anthropology and deals with topics within the history of everyday life, as well as with history from below or the history of ordinary people. Its special quality is the revival of narrative.<\/p>\n<\/div>\n<\/div>\n<\/article>\n<p><!-- #post-## --><\/p>\n<\/div>\n<\/div>\n<\/div>\n","protected":false},"excerpt":{"rendered":"<p>Zgodovini.ce V letu 2003 je Zgodovinsko dru\u0161tvo Celje ustanovilo knji\u017eevno zbirko , ki predstavlja nadgradnjo dru\u0161tvenega zalo\u017eni\u0161tva. V njej izhajajo dela mlaj\u0161ih raziskovalcev slovenske zgodovine, ki se bodisi nana\u0161ajo na [&hellip;]<\/p>\n","protected":false},"author":1,"featured_media":0,"parent":0,"menu_order":0,"comment_status":"closed","ping_status":"closed","template":"","meta":{"footnotes":""},"class_list":["post-429","page","type-page","status-publish","hentry"],"publishpress_future_action":{"enabled":false,"date":"2026-04-19 00:51:07","action":"change-status","newStatus":"draft","terms":[],"taxonomy":""},"publishpress_future_workflow_manual_trigger":{"enabledWorkflows":[]},"_links":{"self":[{"href":"https:\/\/zdc.si\/en\/wp-json\/wp\/v2\/pages\/429","targetHints":{"allow":["GET"]}}],"collection":[{"href":"https:\/\/zdc.si\/en\/wp-json\/wp\/v2\/pages"}],"about":[{"href":"https:\/\/zdc.si\/en\/wp-json\/wp\/v2\/types\/page"}],"author":[{"embeddable":true,"href":"https:\/\/zdc.si\/en\/wp-json\/wp\/v2\/users\/1"}],"replies":[{"embeddable":true,"href":"https:\/\/zdc.si\/en\/wp-json\/wp\/v2\/comments?post=429"}],"version-history":[{"count":2,"href":"https:\/\/zdc.si\/en\/wp-json\/wp\/v2\/pages\/429\/revisions"}],"predecessor-version":[{"id":3301,"href":"https:\/\/zdc.si\/en\/wp-json\/wp\/v2\/pages\/429\/revisions\/3301"}],"wp:attachment":[{"href":"https:\/\/zdc.si\/en\/wp-json\/wp\/v2\/media?parent=429"}],"curies":[{"name":"wp","href":"https:\/\/api.w.org\/{rel}","templated":true}]}}